{"id":172,"date":"2021-09-29T11:49:45","date_gmt":"2021-09-29T09:49:45","guid":{"rendered":"https:\/\/versatile.sk\/?page_id=172"},"modified":"2021-09-29T13:24:23","modified_gmt":"2021-09-29T11:24:23","slug":"dokumenty","status":"publish","type":"page","link":"https:\/\/versatile.sk\/en\/dokumenty\/","title":{"rendered":"Documents"},"content":{"rendered":"<div style=\"height:100px\" aria-hidden=\"true\" class=\"wp-block-spacer\"><\/div>\n\n\n\n<div style=\"height:100px\" aria-hidden=\"true\" class=\"wp-block-spacer\"><\/div>\n\n\n\n<p><\/p>\n\n\n\n<div class=\"wp-block-columns is-layout-flex wp-container-core-columns-is-layout-9d6595d7 wp-block-columns-is-layout-flex\">\n<div class=\"wp-block-column is-layout-flow wp-block-column-is-layout-flow\" style=\"flex-basis:25%\">\n<p class=\"has-text-align-center has-large-font-size\"><strong>Cookies<\/strong>:<\/p>\n<\/div>\n\n\n\n<div class=\"wp-block-column is-layout-flow wp-block-column-is-layout-flow\" style=\"flex-basis:50%\"><\/div>\n\n\n\n<div class=\"wp-block-column is-layout-flow wp-block-column-is-layout-flow\" style=\"flex-basis:25%\"><\/div>\n<\/div>\n\n\n\n<p><\/p>\n\n\n\n<p><\/p>\n\n\n\n<div class=\"wp-block-columns is-layout-flex wp-container-core-columns-is-layout-9d6595d7 wp-block-columns-is-layout-flex\">\n<div class=\"wp-block-column is-layout-flow wp-block-column-is-layout-flow\" style=\"flex-basis:25%\"><\/div>\n\n\n\n<div class=\"wp-block-column is-layout-flow wp-block-column-is-layout-flow\" style=\"flex-basis:50%\">\n<p style=\"font-size:30px\">We use \"cookies\" files on our website in order to make the best use of the site's features and adapt it to your requirements. Through \"cookies\", we do not record your personal data in our databases and you are not identifiable to us as a user. <\/p>\n<\/div>\n\n\n\n<div class=\"wp-block-column is-layout-flow wp-block-column-is-layout-flow\" style=\"flex-basis:25%\">\n<div class=\"wp-block-image\"><figure class=\"aligncenter size-full is-resized\"><a href=\"https:\/\/versatile.sk\/wp-content\/uploads\/2021\/09\/Cookies.pdf\" target=\"_blank\" rel=\"noopener\"><img loading=\"lazy\" decoding=\"async\" src=\"https:\/\/versatile.sk\/wp-content\/uploads\/2021\/09\/cookies.png\" alt=\"\" class=\"wp-image-193\" width=\"122\" height=\"171\" srcset=\"https:\/\/versatile.sk\/wp-content\/uploads\/2021\/09\/cookies.png 312w, https:\/\/versatile.sk\/wp-content\/uploads\/2021\/09\/cookies-213x300.png 213w\" sizes=\"auto, (max-width: 122px) 100vw, 122px\" \/><\/a><\/figure><\/div>\n<\/div>\n<\/div>\n\n\n\n<div class=\"wp-block-columns is-layout-flex wp-container-core-columns-is-layout-9d6595d7 wp-block-columns-is-layout-flex\">\n<div class=\"wp-block-column is-layout-flow wp-block-column-is-layout-flow\" style=\"flex-basis:25%\"><\/div>\n\n\n\n<div class=\"wp-block-column is-layout-flow wp-block-column-is-layout-flow\" style=\"flex-basis:50%\"><\/div>\n\n\n\n<div class=\"wp-block-column is-layout-flow wp-block-column-is-layout-flow\" style=\"flex-basis:25%\">\n<div class=\"wp-block-buttons is-layout-flex wp-block-buttons-is-layout-flex\">\n<div class=\"wp-block-button\"><a class=\"wp-block-button__link has-background\" href=\"https:\/\/versatile.sk\/wp-content\/uploads\/2021\/09\/Cookies.pdf\" style=\"background-color:#ff7e20\" target=\"_blank\" rel=\"noreferrer noopener\">More<\/a><\/div>\n<\/div>\n<\/div>\n<\/div>","protected":false},"excerpt":{"rendered":"<p>Cookies: Na na\u0161ej webovej str\u00e1nke pou\u017e\u00edvame s\u00fabory \u201ccookies\u201d, aby sme \u010do najlep\u0161ie vyu\u017eili mo\u017enosti str\u00e1nky a prisp\u00f4sobili Va\u0161im po\u017eiadavk\u00e1m. Prostredn\u00edctvom \u201ecookies\u201c nezaznamen\u00e1vame Va\u0161e osobn\u00e9 \u00fadaje do na\u0161ich datab\u00e1z a ako u\u017e\u00edvate\u013e pre n\u00e1s nie ste identifikovate\u013en\u00fd.<\/p>","protected":false},"author":1,"featured_media":0,"parent":0,"menu_order":0,"comment_status":"closed","ping_status":"closed","template":"","meta":{"footnotes":""},"class_list":["post-172","page","type-page","status-publish","hentry"],"_links":{"self":[{"href":"https:\/\/versatile.sk\/en\/wp-json\/wp\/v2\/pages\/172","targetHints":{"allow":["GET"]}}],"collection":[{"href":"https:\/\/versatile.sk\/en\/wp-json\/wp\/v2\/pages"}],"about":[{"href":"https:\/\/versatile.sk\/en\/wp-json\/wp\/v2\/types\/page"}],"author":[{"embeddable":true,"href":"https:\/\/versatile.sk\/en\/wp-json\/wp\/v2\/users\/1"}],"replies":[{"embeddable":true,"href":"https:\/\/versatile.sk\/en\/wp-json\/wp\/v2\/comments?post=172"}],"version-history":[{"count":23,"href":"https:\/\/versatile.sk\/en\/wp-json\/wp\/v2\/pages\/172\/revisions"}],"predecessor-version":[{"id":227,"href":"https:\/\/versatile.sk\/en\/wp-json\/wp\/v2\/pages\/172\/revisions\/227"}],"wp:attachment":[{"href":"https:\/\/versatile.sk\/en\/wp-json\/wp\/v2\/media?parent=172"}],"curies":[{"name":"wp","href":"https:\/\/api.w.org\/{rel}","templated":true}]}}